{"id":349,"date":"2024-12-29T22:10:34","date_gmt":"2024-12-29T22:10:34","guid":{"rendered":"https:\/\/drdiegonavea.com\/nosotros\/"},"modified":"2025-11-11T10:05:44","modified_gmt":"2025-11-11T10:05:44","slug":"dr-diego-navea","status":"publish","type":"page","link":"https:\/\/drdiegonavea.com\/en\/dr-diego-navea\/","title":{"rendered":"Dr Diego Navea"},"content":{"rendered":"<section class=\"header_15_1\" id=\"\" style=\"background-image:url('https:\/\/drdiegonavea.com\/wp-content\/uploads\/2025\/10\/Captura-de-pantalla-2025-10-22-103708.png');\"\r\n    aria-label=\"\" data-block-id=\"69e2416a9cbf369e2416a9cbf5\" data-block-name=\"acf\/header-15-1\" data-post-id=\"349\" data-stable-id=\"block_81b6fc10f42d9fd0d50971ea29632350\">\r\n    <div class=\"mask\"><\/div>\r\n    <div class=\"container\" data-aos=\"fade-up\">\r\n        <div class=\"row\">\r\n            <div class=\"col \">\r\n                                <h1 class=\"tamano2 color-2-headings-light\">Dr Diego Navea P\u00e9rez<\/h1>\r\n                                            <\/div>\r\n        <\/div>\r\n    <\/div>\r\n<\/section>\r\n<style>\r\n    .header_15_1 .col {\r\n        max-width: 895px;\r\n    }\r\n\r\n    .header_15_1 .mask {\r\n        \/* background: rgba(255, 255, 255, 0.50); *\/\r\n        background: rgba(18, 18, 18, 0.50);\r\n        position: absolute;\r\n        top: 0;\r\n        left: 0;\r\n        width: 100%;\r\n        height: 100%;\r\n    }\r\n\r\n    .header_15_1 h1 {\r\n        padding-bottom: 25px;\r\n    }\r\n\r\n    .header_15_1 {\r\n        position: relative;\r\n        min-height: 500px;\r\n        background-position: center;\r\n        background-repeat: no-repeat;\r\n        background-size: cover;\r\n        padding: 150px 0;\r\n        display: flex;\r\n        align-items: center;\r\n        padding-top: 195px\r\n    }\r\n\r\n    .header_15_1-center {\r\n        text-align: center;\r\n        margin: 0 auto;\r\n    }\r\n\r\n    @media (max-width:992px) {\r\n        .header_15_1 {\r\n            padding: 100px 0;\r\n            min-height: auto;\r\n        }\r\n    }\r\n\r\n    @media (max-width:768px) {\r\n        .header_15_1 h1 {\r\n            line-height: var(--tamano3-line-height);\r\n        }\r\n    }\r\n<\/style>\r\n\n\n<section class=\"about_curvy1_19_1 background-1-light derecha\" id=\"\"\r\n    original-block-id=\"block_d6bf9bd405908f66fb9c04f86f107ada\" data-block-id=\"69e2416a9fe9069e2416a9fe92\" data-block-name=\"acf\/about-curvy1-19-1\" data-post-id=\"349\" data-stable-id=\"block_d6bf9bd405908f66fb9c04f86f107ada\">\r\n    <div class=\"container\">\r\n        <div class=\"row\">\r\n            <div class=\"col\">\r\n                <div class=\"imagen\">\r\n                    <img decoding=\"async\" src=\"https:\/\/drdiegonavea.com\/wp-content\/uploads\/2025\/10\/web-mantenimiento-1024x1024-1.jpg\" alt=\"\" title=\"web-mantenimiento-1024x1024\">\r\n                <\/div>\r\n                <div class=\"right\">\r\n                    \r\n                                        <h2 class=\"titulo tamano3 color-1-headings-dark\">Trayectoria<\/h2>\r\n                    \r\n                                        <div class=\"texto color-1-body-dark tamano7\" data-desactivar-leer-mas=\"0\">\r\n                        <span class=\"texto-corto\"><\/span>\r\n                        <span class=\"texto-completo\" style=\"display: none;\"><p>El\u00a0<a href=\"http:\/\/diegonavea.com\/contacto\/\">Dr. Diego Navea<\/a>\u00a0se licenci\u00f3 como M\u00e9dico en la Universidad de Chile. Se form\u00f3 como especialista en Cirug\u00eda Pl\u00e1stica, Est\u00e9tica y Reparadora v\u00eda MIR en el Hospital Regional Universitario Virgen de las Nieves, Granada. Dentro de su formaci\u00f3n realiz\u00f3 rotaciones en el Hospital La Paz, Madrid, y el Hospital Universitario Quir\u00f3n Madrid, con el Dr Jos\u00e9 Luis Mart\u00edn del Yerro.<\/p>\n<p>Ha desarrollado su actividad profesional en prestigiosos centros de Espa\u00f1a, colaborando con el Dr Iv\u00e1n Ma\u00f1ero en IM Clinic Madrid; reconstrucci\u00f3n mamaria en el Hospital Universitario de Guadalajara con \u00e9nfasis en la microcirug\u00eda; reparaci\u00f3n del miembro superior en Ibermutuamur en Madrid y como adjunto del Servicio de Cirug\u00eda Pl\u00e1stica del Hospital Regional de M\u00e1laga. El Dr. Navea tambi\u00e9n se ha desempe\u00f1ado como adjunto del Servicio de Cirug\u00eda Pl\u00e1stica y Reconstructiva del Hospital Quir\u00f3nsalud de M\u00e1laga. Ha ejercido la actividad privada en Cl\u00ednicas Dorsia M\u00e1laga, Granada, Almer\u00eda y El Ejido, y en Hospital Quir\u00f3nSalud Campo de Gibraltar.<\/p>\n<p>Actualmente el Dr. Navea atiende pacientes en Cl\u00ednica Dr. Jim\u00e9nez en Murcia, y en Cl\u00ednica Esquivel en M\u00e1laga.<\/p>\n<p>Entre otras \u00e1reas, destaca su inter\u00e9s en la cirug\u00eda mamaria y del contorno corporal.<\/p><\/span>\r\n                    <\/div>\r\n                    <div class=\"vermas tamano7 boton-4-texto-normal\">\r\n                        <span class=\"mas tamano7 boton-4-texto-normal\">Read more<\/span>\r\n                        <span class=\"menos hide tamano7 boton-4-texto-normal\">Read less<\/span>\r\n                        <svg width=\"13\" height=\"13\" viewBox=\"0 0 13 8\" fill=\"none\"\r\n                            xmlns=\"http:\/\/www.w3.org\/2000\/svg\">\r\n                            <path id=\"Vector 14\" d=\"M1 1L6.5 6.5L12 1\" stroke=\"#2B275C\" stroke-width=\"1.5\" \/>\r\n                        <\/svg>\r\n                    <\/div>\r\n                    \r\n                                    <\/div>\r\n            <\/div>\r\n        <\/div>\r\n    <\/div>\r\n<\/section>\r\n<style>\r\n    .about_curvy1_19_1 .subtitulo {\r\n        padding-bottom: 20px;\r\n    }\r\n\r\n    .about_curvy1_19_1 .vermas svg path {\r\n        stroke: var(--boton-4-texto-normal);\r\n    }\r\n\r\n    .about_curvy1_19_1 .vermas .hide {\r\n        display: none;\r\n    }\r\n\r\n    .about_curvy1_19_1 .vermas.show svg {\r\n        transform: rotate(180deg);\r\n    }\r\n\r\n    .about_curvy1_19_1 .vermas {\r\n        margin-left: 100px;\r\n        margin-top: 20px;\r\n        display: none;\r\n        align-items: center;\r\n        gap: 10px;\r\n        cursor: pointer;\r\n    }\r\n\r\n    .about_curvy1_19_1 .vermas span {\r\n        font-weight: var(--tamano5-font-weight);\r\n    }\r\n\r\n    .about_curvy1_19_1 .right .btn-round {\r\n        margin-left: 100px;\r\n        margin-top: 50px;\r\n    }\r\n\r\n    .about_curvy1_19_1.derecha .right .texto {\r\n        padding-left: 0;\r\n        padding-right: 100px;\r\n    }\r\n\r\n    .about_curvy1_19_1 .right .texto {\r\n        padding-left: 100px\r\n    }\r\n\r\n    .about_curvy1_19_1 .imagen {\r\n        width: 50%;\r\n    }\r\n\r\n    .about_curvy1_19_1 .right {\r\n        width: 50%;\r\n        margin-left: 50px;\r\n    }\r\n\r\n    .about_curvy1_19_1 .right h2 {\r\n        padding-bottom: 45px;\r\n    }\r\n\r\n    .about_curvy1_19_1.derecha .col {\r\n        flex-direction: row-reverse;\r\n    }\r\n\r\n    .about_curvy1_19_1 .col {\r\n        display: flex;\r\n        gap: 30px;\r\n        align-items: center;\r\n    }\r\n\r\n    .about_curvy1_19_1 .btn-round {\r\n        border-radius: 60px;\r\n        padding: 12px 25px;\r\n        display: inline-block;\r\n        min-width: 175px;\r\n        text-align: center;\r\n        text-decoration: none;\r\n    }\r\n\r\n\r\n    .about_curvy1_19_1 .right .texto *:last-child {\r\n        padding-bottom: 0;\r\n    }\r\n\r\n    .about_curvy1_19_1 .right .texto .texto-corto {\r\n        padding-bottom: 0 !important;\r\n    }\r\n\r\n    .about_curvy1_19_1 .right .texto * {\r\n        padding-bottom: 20px;\r\n        font-size: inherit;\r\n        font-weight: inherit;\r\n        line-height: inherit;\r\n        letter-spacing: inherit;\r\n        font-family: inherit;\r\n    }\r\n\r\n\r\n     .about_curvy1_19_1 img {\r\n        border-radius: 30px;\r\n    }\r\n\r\n     .about_curvy1_19_1 {\r\n        padding: 81px 0;\r\n        margin-top: -1px;\r\n    }\r\n\r\n    @media (max-width:1300px) {\r\n        .about_curvy1_19_1 .col {\r\n            gap: 30px;\r\n        }\r\n\r\n        .about_curvy1_19_1 .right {\r\n            padding-top: 0;\r\n        }\r\n    }\r\n\r\n    @media (max-width:1200px) {\r\n        .about_curvy1_19_1.derecha .col {\r\n            flex-direction: column;\r\n        }\r\n\r\n        .about_curvy1_19_1 .imagen {\r\n            width: 100%;\r\n        }\r\n\r\n        .about_curvy1_19_1 .col {\r\n            flex-direction: column;\r\n        }\r\n\r\n        .about_curvy1_19_1 .right {\r\n            max-width: 100%;\r\n            width: 100%;\r\n            margin: 0;\r\n        }\r\n\r\n        .about_curvy1_19_1 .subtitulo {\r\n            padding-bottom: 15px;\r\n        }\r\n\r\n        .about_curvy1_19_1 .right h2 {\r\n            padding-bottom: 15px;\r\n        }\r\n\r\n        .about_curvy1_19_1 .right .texto {\r\n            padding-left: 60px;\r\n        }\r\n\r\n        .about_curvy1_19_1.derecha .right .texto {\r\n            padding-right: 0;\r\n            padding-left: 60px;\r\n        }\r\n\r\n        .about_curvy1_19_1 .right .btn-round,\r\n        .about_curvy1_19_1 .vermas {\r\n            margin-left: 60px;\r\n        }\r\n    }\r\n\r\n    @media (max-width:992px) {\r\n        .about_curvy1_19_1 {\r\n            padding: 40px 0;\r\n        }\r\n    }\r\n\r\n    @media (max-width:768px) {\r\n        .about_curvy1_19_1 h2 {\r\n            line-height: var(--tamano5-line-height);\r\n        }\r\n\r\n        .about_curvy1_19_1 .right h2 {\r\n            padding-bottom: 20px;\r\n        }\r\n\r\n        .about_curvy1_19_1 .col {\r\n            gap: 20px;\r\n        }\r\n\r\n        .about_curvy1_19_1 .vermas {\r\n            margin-top: 20px !important;\r\n        }\r\n\r\n        .about_curvy1_19_1 .right .texto.show {\r\n            padding-bottom: 20px;\r\n        }\r\n\r\n        .about_curvy1_19_1 .right .btn-round {\r\n            margin-top: 20px;\r\n        }\r\n    }\r\n<\/style>\r\n<script>\r\n    jQuery(document).ready(function($) {\r\n        const $instance = $('.about_curvy1_19_1[original-block-id=\"block_d6bf9bd405908f66fb9c04f86f107ada\"]');\r\n\r\n        if (!$instance.length) return;\r\n\r\n        const CONFIG_AC191 = {\r\n            limites: {\r\n                mobile: 200,\r\n                desktop: 600\r\n            },\r\n            breakpoint: 992\r\n        };\r\n\r\n        function truncarTextoEnUltimaPalabraAC191(texto, limite) {\r\n            if (texto.length <= limite) return texto;\r\n            const cortado = texto.substring(0, limite);\r\n            const ultimoEspacio = cortado.lastIndexOf(' ');\r\n            return (ultimoEspacio > limite * 0.8 ? cortado.substring(0, ultimoEspacio) : cortado) + '...';\r\n        }\r\n\r\n        function truncarHTMLAC191(html, limite) {\r\n            const $temp = $('<div>').html(html);\r\n            let chars = 0,\r\n                resultado = '';\r\n\r\n            function procesarNodoAC191(nodo) {\r\n                if (chars >= limite) return false;\r\n\r\n                if (nodo.nodeType === 3) {\r\n                    const texto = nodo.textContent || '';\r\n                    if (chars + texto.length <= limite) {\r\n                        resultado += texto;\r\n                        chars += texto.length;\r\n                    } else {\r\n                        resultado += truncarTextoEnUltimaPalabraAC191(texto, limite - chars);\r\n                        chars = limite;\r\n                        return false;\r\n                    }\r\n                } else if (nodo.nodeType === 1) {\r\n                    const $elem = $(nodo);\r\n                    const tag = nodo.tagName.toLowerCase();\r\n                    const textoElem = $elem.text();\r\n\r\n                    if (chars + textoElem.length <= limite) {\r\n                        resultado += $('<div>').append($elem.clone()).html();\r\n                        chars += textoElem.length;\r\n                    } else {\r\n                        const attrs = Array.from(nodo.attributes).map(a =>\r\n                            a.name + '=\"' + (a.value || '').replace(\/\"\/g, '&quot;') + '\"'\r\n                        ).join(' ');\r\n                        resultado += '<' + tag + (attrs ? ' ' + attrs : '') + '>';\r\n\r\n                        $elem.contents().each(function() {\r\n                            return procesarNodoAC191(this);\r\n                        });\r\n\r\n                        resultado += '<\/' + tag + '>';\r\n                        return false;\r\n                    }\r\n                }\r\n                return true;\r\n            }\r\n\r\n            $temp.contents().each(function() {\r\n                return procesarNodoAC191(this);\r\n            });\r\n\r\n            return resultado || truncarTextoEnUltimaPalabraAC191($temp.text(), limite);\r\n        }\r\n\r\n        function aplicarTruncadoAC191() {\r\n            $instance.find('.texto-completo').each(function() {\r\n                const $completo = $(this);\r\n                if ($completo.is(':visible')) return;\r\n\r\n                const $texto = $completo.closest('.texto');\r\n                const $corto = $completo.siblings('.texto-corto');\r\n                const $vermas = $texto.siblings('.vermas');\r\n\r\n                if (!$corto.length) return;\r\n\r\n                const html = $completo.html() || '';\r\n                const textoPlano = $completo.text() || '';\r\n                const esMobile = $(window).width() <= CONFIG_AC191.breakpoint;\r\n                const limite = esMobile ? CONFIG_AC191.limites.mobile : CONFIG_AC191.limites.desktop;\r\n                const desactivado = $texto.attr('data-desactivar-leer-mas') === '1';\r\n\r\n                if (desactivado) {\r\n                    if (!esMobile) {\r\n                        $corto.html(html).show();\r\n                        $vermas.hide();\r\n                        return;\r\n                    }\r\n                }\r\n\r\n                if (textoPlano.length > limite) {\r\n                    $corto.html(truncarHTMLAC191(html, limite)).show();\r\n                    $vermas.css('display', 'flex');\r\n                } else {\r\n                    $corto.html(html).show();\r\n                    $vermas.hide();\r\n                }\r\n            });\r\n        }\r\n\r\n        aplicarTruncadoAC191();\r\n        $(window).on('resize', aplicarTruncadoAC191);\r\n\r\n        $instance.on('click', '.vermas', function() {\r\n            const $btn = $(this);\r\n            const $texto = $btn.siblings('.texto');\r\n            const $corto = $texto.find('.texto-corto');\r\n            const $completo = $texto.find('.texto-completo');\r\n\r\n            if ($corto.is(':visible')) {\r\n                $corto.hide();\r\n                $completo.show();\r\n                $btn.addClass('show');\r\n            } else {\r\n                $completo.hide();\r\n                aplicarTruncadoAC191();\r\n                $btn.removeClass('show');\r\n            }\r\n\r\n            $btn.find('span').toggleClass('hide');\r\n        });\r\n    });\r\n<\/script>\r\n\n\n<section class=\"about_ecommerce_curvy1_2_2 background-1-dark\" id=\"\" data-block-id=\"69e2416aa431769e2416aa4318\" data-block-name=\"acf\/about-ecommerce-curvy1-2-2\" data-post-id=\"349\" data-stable-id=\"block_78e70b060dce912a75211d53e66b4dcc\">\r\n    <div class=\"container\">\r\n        <div class=\"row\">\r\n            <div class=\"col col-imagen\">\r\n                                <img decoding=\"async\" src=\"https:\/\/drdiegonavea.com\/wp-content\/uploads\/2025\/10\/Diego-Nave-Doctor-800x1201-1.jpeg\" alt=\"\" title=\"Diego-Nave-Doctor-800x1201\">\r\n                            <\/div>\r\n            <div class=\"col col-texto\">\r\n                                                                <h3 class=\"tamano4 color-2-headings-light\">Curriculum Vitae Dr Diego Navea<\/h3>\r\n                                                <div class=\"texto tamano7 color-2-body-light\"><ul>\n<li>T\u00edtulo de M\u00e9dico-Cirujano,\u00a0<a href=\"https:\/\/www.uchile.cl\/\">Universidad de Chile<\/a>.<\/li>\n<\/ul>\n<ul>\n<li>T\u00edtulo de CIRUGIA PLASTICA, ESTETICA Y REPARADORA v\u00eda MIR en Hospital Regional Universitario Virgen de las Nieves, Granada.<\/li>\n<\/ul>\n<ul>\n<li>Curso Microcirug\u00eda Hospital Universitario Virgen de las Nieves, Granada.<\/li>\n<\/ul>\n<ul>\n<li>Rotaci\u00f3n en Unidad de Grandes Quemados Hospital Universitario La Paz, Madrid.<\/li>\n<\/ul>\n<ul>\n<li>Rotaci\u00f3n en Cirug\u00eda Est\u00e9tica en Unidad Docente Asociada del Hospital Universitario Quir\u00f3n Madrid (Dr Jos\u00e9 Luis Mart\u00edn del Yerro)<\/li>\n<\/ul>\n<\/div>\r\n                                                                <h3 class=\"tamano4 color-2-headings-light\">Trayectoria profesional<\/h3>\r\n                                                <div class=\"texto tamano7 color-2-body-light\"><ul>\n<li>Colaboraci\u00f3n IM Clinic Dr. Iv\u00e1n Ma\u00f1ero en Cirug\u00eda Est\u00e9tica. Cl\u00ednica La Luz, Madrid.<\/li>\n<li>Facultativo Especialista de \u00c1rea en Hospital Universitario de Guadalajara.<\/li>\n<li>Miembro de la Unidad de Cirug\u00eda Pl\u00e1stica y Reparadora de Ibermutuamur, Madrid.<\/li>\n<li>Facultativo Especialista de \u00c1rea en Hospital Regional Universitario de M\u00e1laga.<\/li>\n<li>Adjunto Servicio Cirug\u00eda Pl\u00e1stica y colaborador en el grupo Synergy Plastic, Hospital Quir\u00f3nsalud M\u00e1laga.<\/li>\n<li>Cirujano Pl\u00e1stico en Cl\u00ednicas Dorsia M\u00e1laga, Granada y Almer\u00eda<\/li>\n<li>Actualmente Cirujano Pl\u00e1stico en Cl\u00ednica Dr. J\u00edmenez (Murcia) y Cl\u00ednica Esquivel (M\u00e1laga)<\/li>\n<\/ul>\n<\/div>\r\n                                                            <\/div>\r\n        <\/div>\r\n    <\/div>\r\n<\/section>\r\n<style>\r\n    .about_ecommerce_curvy1_2_2 .row .col-texto h3 {\r\n        padding-bottom: 10px;\r\n    }\r\n\r\n    .about_ecommerce_curvy1_2_2 .row .col-texto {\r\n        max-width: 40%;\r\n        width: 100%;\r\n    }\r\n\r\n    .about_ecommerce_curvy1_2_2 .row {\r\n        display: flex;\r\n        flex-direction: row;\r\n        justify-content: space-between;\r\n        align-items: center;\r\n    }\r\n\r\n    .about_ecommerce_curvy1_2_2 .texto *:last-child {\r\n        padding-bottom: 0;\r\n    }\r\n\r\n    .about_ecommerce_curvy1_2_2 .col-imagen {\r\n        max-width: 50%;\r\n        width: 100%;\r\n    }\r\n\r\n    .about_ecommerce_curvy1_2_2 img {\r\n        width: 100%;\r\n        border-radius: 30px;\r\n    }\r\n    \r\n    .about_ecommerce_curvy1_2_2 .texto:not(:last-child) {\r\n        padding-bottom: 50px;\r\n    }\r\n\r\n    .about_ecommerce_curvy1_2_2 .texto * {\r\n        padding-bottom: 20px;\r\n    }\r\n\r\n    .about_ecommerce_curvy1_2_2 {\r\n        padding: 80px 150px;\r\n        position: relative;\r\n    }\r\n\r\n    @media (max-width:1750px) {\r\n        .about_ecommerce_curvy1_2_2 {\r\n            padding-left: 50px;\r\n            padding-right: 50px;\r\n        }\r\n    }\r\n\r\n    @media (max-width:1350px) {\r\n        .about_ecommerce_curvy1_2_2 .row .col-texto {\r\n            max-width: 50%;\r\n        }\r\n\r\n        .about_ecommerce_curvy1_2_2 {\r\n            padding-left: 0;\r\n            padding-right: 0;\r\n        }\r\n    }\r\n\r\n    @media (max-width:992px) {\r\n        .about_ecommerce_curvy1_2_2 .texto {\r\n            padding-bottom: 35px;\r\n        }\r\n\r\n        .about_ecommerce_curvy1_2_2 .row .col-texto,\r\n        .about_ecommerce_curvy1_2_2 .col-imagen {\r\n            max-width: 100%;\r\n        }\r\n\r\n        .about_ecommerce_curvy1_2_2 .row {\r\n            flex-direction: column;\r\n            gap: 35px;\r\n        }\r\n\r\n        .about_ecommerce_curvy1_2_2 .row .col-texto {\r\n            max-width: 100%;\r\n        }\r\n\r\n        .about_ecommerce_curvy1_2_2 {\r\n            padding: 40px 0;\r\n        }\r\n    }\r\n<\/style>\r\n","protected":false},"excerpt":{"rendered":"","protected":false},"author":2,"featured_media":0,"parent":0,"menu_order":26,"comment_status":"open","ping_status":"closed","template":"","meta":{"_acf_changed":false,"iawp_total_views":0,"footnotes":""},"class_list":["post-349","page","type-page","status-publish","hentry"],"acf":[],"yoast_head":"<!-- This site is optimized with the Yoast SEO plugin v27.4 - https:\/\/yoast.com\/product\/yoast-seo-wordpress\/ -->\n<title>Dr Diego Navea - DiegoNavea<\/title>\n<meta name=\"robots\" content=\"index, follow, max-snippet:-1, max-image-preview:large, max-video-preview:-1\" \/>\n<link rel=\"canonical\" href=\"https:\/\/drdiegonavea.com\/en\/dr-diego-navea\/\" \/>\n<meta property=\"og:locale\" content=\"en_US\" \/>\n<meta property=\"og:type\" content=\"article\" \/>\n<meta property=\"og:title\" content=\"Dr Diego Navea - DiegoNavea\" \/>\n<meta property=\"og:url\" content=\"https:\/\/drdiegonavea.com\/en\/dr-diego-navea\/\" \/>\n<meta property=\"og:site_name\" content=\"DiegoNavea\" \/>\n<meta property=\"article:modified_time\" content=\"2025-11-11T10:05:44+00:00\" \/>\n<meta name=\"twitter:card\" content=\"summary_large_image\" \/>\n<!-- \/ Yoast SEO plugin. -->","yoast_head_json":{"title":"Dr Diego Navea - DiegoNavea","robots":{"index":"index","follow":"follow","max-snippet":"max-snippet:-1","max-image-preview":"max-image-preview:large","max-video-preview":"max-video-preview:-1"},"canonical":"https:\/\/drdiegonavea.com\/en\/dr-diego-navea\/","og_locale":"en_US","og_type":"article","og_title":"Dr Diego Navea - DiegoNavea","og_url":"https:\/\/drdiegonavea.com\/en\/dr-diego-navea\/","og_site_name":"DiegoNavea","article_modified_time":"2025-11-11T10:05:44+00:00","twitter_card":"summary_large_image","schema":{"@context":"https:\/\/schema.org","@graph":[{"@type":"WebPage","@id":"https:\/\/drdiegonavea.com\/en\/dr-diego-navea\/","url":"https:\/\/drdiegonavea.com\/en\/dr-diego-navea\/","name":"Dr Diego Navea - DiegoNavea","isPartOf":{"@id":"https:\/\/drdiegonavea.com\/en\/#website"},"datePublished":"2024-12-29T22:10:34+00:00","dateModified":"2025-11-11T10:05:44+00:00","breadcrumb":{"@id":"https:\/\/drdiegonavea.com\/en\/dr-diego-navea\/#breadcrumb"},"inLanguage":"en-US","potentialAction":[{"@type":"ReadAction","target":["https:\/\/drdiegonavea.com\/en\/dr-diego-navea\/"]}]},{"@type":"BreadcrumbList","@id":"https:\/\/drdiegonavea.com\/en\/dr-diego-navea\/#breadcrumb","itemListElement":[{"@type":"ListItem","position":1,"name":"Portada","item":"https:\/\/drdiegonavea.com\/en\/"},{"@type":"ListItem","position":2,"name":"Dr Diego Navea"}]},{"@type":"WebSite","@id":"https:\/\/drdiegonavea.com\/en\/#website","url":"https:\/\/drdiegonavea.com\/en\/","name":"DiegoNavea","description":"","potentialAction":[{"@type":"SearchAction","target":{"@type":"EntryPoint","urlTemplate":"https:\/\/drdiegonavea.com\/en\/?s={search_term_string}"},"query-input":{"@type":"PropertyValueSpecification","valueRequired":true,"valueName":"search_term_string"}}],"inLanguage":"en-US"}]}},"_links":{"self":[{"href":"https:\/\/drdiegonavea.com\/en\/wp-json\/wp\/v2\/pages\/349","targetHints":{"allow":["GET"]}}],"collection":[{"href":"https:\/\/drdiegonavea.com\/en\/wp-json\/wp\/v2\/pages"}],"about":[{"href":"https:\/\/drdiegonavea.com\/en\/wp-json\/wp\/v2\/types\/page"}],"author":[{"embeddable":true,"href":"https:\/\/drdiegonavea.com\/en\/wp-json\/wp\/v2\/users\/2"}],"replies":[{"embeddable":true,"href":"https:\/\/drdiegonavea.com\/en\/wp-json\/wp\/v2\/comments?post=349"}],"version-history":[{"count":7,"href":"https:\/\/drdiegonavea.com\/en\/wp-json\/wp\/v2\/pages\/349\/revisions"}],"predecessor-version":[{"id":957,"href":"https:\/\/drdiegonavea.com\/en\/wp-json\/wp\/v2\/pages\/349\/revisions\/957"}],"wp:attachment":[{"href":"https:\/\/drdiegonavea.com\/en\/wp-json\/wp\/v2\/media?parent=349"}],"curies":[{"name":"wp","href":"https:\/\/api.w.org\/{rel}","templated":true}]}}