{"id":350,"date":"2024-12-29T22:07:43","date_gmt":"2024-12-29T22:07:43","guid":{"rendered":"https:\/\/drdiegonavea.com\/home\/"},"modified":"2025-11-11T10:11:54","modified_gmt":"2025-11-11T10:11:54","slug":"home","status":"publish","type":"page","link":"https:\/\/drdiegonavea.com\/en\/","title":{"rendered":"Home"},"content":{"rendered":"<section class=\"header_curvy1_5_2_1\" id=\"\" style=\"background-image:url('https:\/\/drdiegonavea.com\/wp-content\/uploads\/2025\/02\/foto-quirofano.jpg');\"\r\n    aria-label=\"\" data-block-id=\"69e22dd1d6ca469e22dd1d6ca5\" data-block-name=\"acf\/header-curvy1-5-2-1\" data-post-id=\"350\" data-stable-id=\"block_f42e7a3ae42e8aef0a0e3952c8dc96e2\">\r\n    <div class=\"mask\"><\/div>\r\n    <div class=\"container\">\r\n        <div class=\"row\">\r\n            <div class=\"col col-titulo \">\r\n                                                <h1 class=\"tamano1 color-2-headings-light\">Dr. Diego Navea P\u00e9rez<\/h1>\r\n                                                <div class=\"texto tamano-7-mediumcta color-2-headings-light\"><h3>Cirujano Pl\u00e1stico, Est\u00e9tico y Reparador via MIR<\/h3>\n<\/div>\r\n                \r\n                <div class=\"enlaces\">\r\n                    \r\n                                    <\/div>\r\n\r\n            <\/div>\r\n        <\/div>\r\n    <\/div>\r\n    <div id=\"scrollmouse\" class=\"bar\">\r\n        <div class=\"cont\">\r\n            <span><\/span>\r\n        <\/div>\r\n    <\/div>\r\n<\/section>\r\n<style>\r\n    .header_curvy1_5_2_1 {\r\n        position: relative;\r\n        min-height: calc(100vH - 80px);\r\n        display: flex;\r\n        flex-direction: column;\r\n        background-position: center;\r\n        background-repeat: no-repeat;\r\n        background-size: cover;\r\n        padding: 100px 0;\r\n        justify-content: center;\r\n    }\r\n\r\n    .header_curvy1_5_2_1-center {\r\n        max-width: 1070px;\r\n        text-align: center;\r\n        margin: 0 auto;\r\n    }\r\n\r\n    .header_curvy1_5_2_1 #scrollmouse .cont span {\r\n        position: absolute;\r\n        top: 0;\r\n        left: 50%;\r\n        transform: translate(-50%, 0);\r\n        width: 26px;\r\n        height: 38px;\r\n        border: 1px solid var(--boton-5-texto-normal);\r\n        border-radius: 50px;\r\n        box-sizing: border-box;\r\n    }\r\n\r\n    .header_curvy1_5_2_1 #scrollmouse .cont span::before {\r\n        position: absolute;\r\n        top: 0;\r\n        left: 50%;\r\n        content: '';\r\n        width: 4px;\r\n        height: 4px;\r\n        margin-left: -2px;\r\n        background-color: var(--boton-5-texto-normal);\r\n        border-radius: 100%;\r\n        -webkit-animation: point 2s infinite;\r\n        animation: point 2s infinite;\r\n        box-sizing: border-box;\r\n    }\r\n\r\n    @-webkit-keyframes point {\r\n        0% {\r\n            -webkit-transform: translate(0, 0);\r\n            opacity: 0;\r\n        }\r\n\r\n        40% {\r\n            opacity: 1;\r\n        }\r\n\r\n        80% {\r\n            -webkit-transform: translate(0, 20px);\r\n            opacity: 0;\r\n        }\r\n\r\n        100% {\r\n            opacity: 0;\r\n        }\r\n    }\r\n\r\n    @keyframes point {\r\n        0% {\r\n            transform: translate(0, 0);\r\n            opacity: 0;\r\n        }\r\n\r\n        40% {\r\n            opacity: 1;\r\n        }\r\n\r\n        80% {\r\n            transform: translate(0, 20px);\r\n            opacity: 0;\r\n        }\r\n\r\n        100% {\r\n            opacity: 0;\r\n        }\r\n    }\r\n\r\n    .header_curvy1_5_2_1 .mask {\r\n        background: rgba(18, 18, 18, 0.50);\r\n        position: absolute;\r\n        top: 0;\r\n        left: 0;\r\n        width: 100%;\r\n        height: 100%;\r\n    }\r\n\r\n    .header_curvy1_5_2_1 .bar {\r\n        position: absolute;\r\n        left: 50%;\r\n        bottom: 105px;\r\n    }\r\n\r\n    .header_curvy1_5_2_1 .subtitulo {\r\n        padding-bottom: 20px;\r\n    }\r\n\r\n    .header_curvy1_5_2_1 .texto * {\r\n        padding-bottom: 15px;\r\n    }\r\n\r\n    .header_curvy1_5_2_1 .texto *:last-child {\r\n        padding-bottom: 0;\r\n    }\r\n\r\n    .header_curvy1_5_2_1 .texto {\r\n        max-width: 896px;\r\n        padding-bottom: 30px;\r\n    }\r\n\r\n    .header_curvy1_5_2_1-center .texto {\r\n        margin: 0 auto;\r\n    }\r\n\r\n    .header_curvy1_5_2_1 .enlaces {\r\n        display: inline-flex;\r\n        gap: 25px;\r\n        flex-wrap: wrap;\r\n    }\r\n\r\n    .header_curvy1_5_2_1-center .enlaces {\r\n        justify-content: center;\r\n    }\r\n\r\n    .header_curvy1_5_2_1 .container {\r\n        position: relative;\r\n        z-index: 1;\r\n    }\r\n\r\n    .header_curvy1_5_2_1 .btn-round {\r\n        border-radius: 60px;\r\n        padding: 12px 25px;\r\n        display: inline-block;\r\n        min-width: 175px;\r\n        text-align: center;\r\n        text-decoration: none;\r\n    }\r\n\r\n    .header_curvy1_5_2_1 .btn-round.secundario {\r\n        background-color: var(--color-boton-3-hover);\r\n        color: var(--color-boton-3-texto-hover);\r\n    }\r\n\r\n    .header_curvy1_5_2_1 .btn-round.secundario:hover {\r\n        background-color: var(--color-boton-3-normal);\r\n        color: var(--color-boton-3-texto-normal);\r\n    }\r\n\r\n    .header_curvy1_5_2_1 h1 {\r\n        padding-bottom: 20px;\r\n        max-width: 1040px;\r\n    }\r\n\r\n    @media (max-width:768px) {\r\n        .header_curvy1_5_2_1 {\r\n            padding-top: 100px;\r\n            min-height: 600px\r\n        }\r\n\r\n        .header_curvy1_5_2_1 .subtitulo {\r\n            padding-bottom: 15px;\r\n        }\r\n\r\n        .header_curvy1_5_2_1 h1 {\r\n            padding-bottom: 20px;\r\n            line-height: var(--tamano4-line-height);\r\n        }\r\n\r\n        .header_curvy1_5_2_1 .texto {\r\n            padding-bottom: 20px;\r\n        }\r\n\r\n        .header_curvy1_5_2_1 .bar {\r\n            bottom: 70px;\r\n        }\r\n    }\r\n\r\n    @media (max-width:400px) {\r\n        .header_curvy1_5_2_1 h1 {\r\n            line-height: var(--tamano4-line-height);\r\n            font-size: var(--tamano5-font-size);\r\n        }\r\n    }\r\n\r\n    @media (max-width:320px) {\r\n        .header_curvy1_5_2_1 {\r\n            min-height: 100vh;\r\n        }\r\n    }\r\n<\/style>\r\n\n\n<section class=\"text_content_text_1_1 background-1-light\" data-block-id=\"69e22dd1daae369e22dd1daae5\" data-block-name=\"acf\/textcontent-1-1\" data-post-id=\"350\" data-stable-id=\"block_01cf1d96643132b941ac5bdf022e6588\">\r\n    <div class=\"container\">\r\n        <div class=\"row\">\r\n            <div class=\"col\">\r\n                <div class=\"content-theme\">\r\n                                        <div class=\"texto color-1-headings-dark tamano7\">\r\n                        <p style=\"text-align: center;\"><em>El Dr. Navea cuenta con 15 a\u00f1os de experiencia en el campo de la Cirug\u00eda Pl\u00e1stica, y su objetivo es la satisfacci\u00f3n de sus pacientes de manera personalizada, poniendo como principio clave el fin est\u00e9tico y reparador de su profesi\u00f3n, buscando siempre el equilibrio entre la t\u00e9cnica y el arte, la meticulosidad y la armon\u00eda.<\/em><\/p>\n                    <\/div>\r\n                                    <\/div>\r\n            <\/div>\r\n        <\/div>\r\n    <\/div>\r\n<\/section>\r\n<style>\r\n    .text_content_text_1_1 h1 {\r\n        padding-bottom: 60px;\r\n        font-size: var(--tamano1-font-size);\r\n        font-weight: var(--tamano1-font-weight);\r\n        line-height: var(--tamano1-line-height);\r\n        letter-spacing: var(--tamano1-letter-spacing);\r\n        font-family: var(--tamano1-font-family);\r\n        color: var(--color-2-headings-dark);\r\n    }\r\n\r\n    .text_content_text_1_1 h2 {\r\n        padding-bottom: 60px;\r\n        font-size: var(--tamano2-font-size);\r\n        font-weight: var(--tamano2-font-weight);\r\n        line-height: var(--tamano2-line-height);\r\n        letter-spacing: var(--tamano2-letter-spacing);\r\n        font-family: var(--tamano2-font-family);\r\n        color: var(--color-2-headings-dark);\r\n    }\r\n\r\n    .text_content_text_1_1 h3 {\r\n        padding-bottom: 60px;\r\n        font-size: var(--tamano3-font-size);\r\n        font-weight: var(--tamano3-font-weight);\r\n        line-height: var(--tamano3-line-height);\r\n        letter-spacing: var(--tamano3-letter-spacing);\r\n        font-family: var(--tamano3-font-family);\r\n        color: var(--color-2-headings-dark);\r\n    }\r\n\r\n    .text_content_text_1_1 h4 {\r\n        padding-bottom: 60px;\r\n        font-size: var(--tamano4-font-size);\r\n        font-weight: var(--tamano4-font-weight);\r\n        line-height: var(--tamano4-line-height);\r\n        letter-spacing: var(--tamano4-letter-spacing);\r\n        font-family: var(--tamano4-font-family);\r\n        color: var(--color-2-headings-dark);\r\n    }\r\n\r\n    .text_content_text_1_1 ul,\r\n    .text_content_text_1_1 ol {\r\n        padding-left: 20px;\r\n    }\r\n\r\n    .text_content_text_1_1 .row .col {\r\n        padding-top: 75px;\r\n        width: 100%;\r\n    }\r\n\r\n\r\n    .text_content_text_1_1 .texto {\r\n        margin-bottom: 50px;\r\n    }\r\n\r\n    .text_content_text_1_1 .texto * {\r\n        padding-bottom: 20px;\r\n    }\r\n\r\n\r\n    .text_content_text_1_1 .row {\r\n        display: flex;\r\n        gap: 0px;\r\n    }\r\n\r\n    .text_content_text_1_1 {\r\n        position: relative;\r\n        background-position: center;\r\n        background-repeat: no-repeat;\r\n        background-size: cover;\r\n        padding: 81px 150px;\r\n        margin-top: -1px;\r\n    }\r\n\r\n    @media (max-width:1750px) {\r\n        .text_content_text_1_1 .row {\r\n            gap: 100px;\r\n        }\r\n    }\r\n\r\n    @media (max-width:1550px) {\r\n        .text_content_text_1_1 {\r\n            padding-left: 50px;\r\n            padding-right: 50px;\r\n        }\r\n    }\r\n\r\n    @media (max-width:1350px) {\r\n        .text_content_text_1_1 .row {\r\n            gap: 30px;\r\n        }\r\n    }\r\n\r\n    @media (max-width:1200px) {\r\n        .text_content_text_1_1 {\r\n            padding-left: 0;\r\n            padding-right: 0;\r\n        }\r\n    }\r\n\r\n    @media (max-width:992px) {\r\n        .text_content_text_1_1 .row .col-left {\r\n            padding-top: 0;\r\n            max-width: 100%;\r\n        }\r\n\r\n        .text_content_text_1_1 .texto {\r\n            margin-bottom: 35px;\r\n        }\r\n\r\n        .text_content_text_1_1 h2 {\r\n            padding-bottom: 40px;\r\n        }\r\n\r\n        .text_content_text_1_1 {\r\n            padding: 40px 0;\r\n        }\r\n\r\n        .text_content_text_1_1 h1 {\r\n            font-size: var(--tamano1-font-size-mobile);\r\n        }\r\n\r\n        .text_content_text_1_1 h2 {\r\n            font-size: var(--tamano2-font-size-mobile);\r\n        }\r\n\r\n        .text_content_text_1_1 h3 {\r\n            font-size: var(--tamano3-font-size-mobile);\r\n        }\r\n\r\n        .text_content_text_1_1 h4 {\r\n            font-size: var(--tamano4-font-size-mobile);\r\n        }\r\n    }\r\n<\/style>\r\n\n\n<section class=\"services_curvy1_13_3_2 background-1-light\" id=\"\" data-block-id=\"69e22dd1db88469e22dd1db885\" data-block-name=\"acf\/services-curvy1-13-3-2\" data-post-id=\"350\" data-stable-id=\"block_f692fd49f8da13e7b5227fb45e92cf36\">\r\n    <div class=\"container\">\r\n        <div class=\"row\">\r\n            <div class=\"col\">\r\n                                <h2 class=\"tamano3 color-1-headings-dark\">TRATAMIENTOS<\/h2>\r\n                                            <\/div>\r\n        <\/div>\r\n        <div class=\"row row-servicios\">\r\n            <div class=\"col col-servicios\">\r\n                                                                                    <a class=\"servicio-item\" href=\"https:\/\/drdiegonavea.com\/en\/servicios\/ciruga-de-mama\/\">\r\n                            <div class=\"imagencont\">\r\n                                <div class=\"imagen\" style=\"background-image:url('https:\/\/drdiegonavea.com\/wp-content\/uploads\/2025\/10\/Captura-de-pantalla-2025-10-21-125306.png');\"\r\n                                    aria-label=\"\"><\/div>\r\n                            <\/div>\r\n                                                        <h3 class=\"tamano4 color-1-headings-dark\">Cirug\u00eda de Mama<\/h3>\r\n                                                                                <\/a>\r\n                                                                    <a class=\"servicio-item\" href=\"https:\/\/drdiegonavea.com\/en\/servicios\/ciruga-genital\/\">\r\n                            <div class=\"imagencont\">\r\n                                <div class=\"imagen\" style=\"background-image:url('https:\/\/drdiegonavea.com\/wp-content\/uploads\/2025\/10\/Captura-de-pantalla-2025-10-21-135332.png');\"\r\n                                    aria-label=\"\"><\/div>\r\n                            <\/div>\r\n                                                        <h3 class=\"tamano4 color-1-headings-dark\">Cirug\u00eda Genital<\/h3>\r\n                                                                                <\/a>\r\n                                                                    <a class=\"servicio-item\" href=\"https:\/\/drdiegonavea.com\/en\/servicios\/ciruga-facial\/\">\r\n                            <div class=\"imagencont\">\r\n                                <div class=\"imagen\" style=\"background-image:url('https:\/\/drdiegonavea.com\/wp-content\/uploads\/2025\/10\/Captura-de-pantalla-2025-10-21-134333.png');\"\r\n                                    aria-label=\"\"><\/div>\r\n                            <\/div>\r\n                                                        <h3 class=\"tamano4 color-1-headings-dark\">Cirug\u00eda Facial<\/h3>\r\n                                                                                <\/a>\r\n                                                                    <a class=\"servicio-item\" href=\"https:\/\/drdiegonavea.com\/en\/servicios\/ciruga-de-contorno-corporal\/\">\r\n                            <div class=\"imagencont\">\r\n                                <div class=\"imagen\" style=\"background-image:url('https:\/\/drdiegonavea.com\/wp-content\/uploads\/2025\/10\/Captura-de-pantalla-2025-10-21-132716.png');\"\r\n                                    aria-label=\"\"><\/div>\r\n                            <\/div>\r\n                                                        <h3 class=\"tamano4 color-1-headings-dark\">Cirug\u00eda de Contorno Corporal<\/h3>\r\n                                                                                <\/a>\r\n                                                                    <a class=\"servicio-item\" href=\"https:\/\/drdiegonavea.com\/en\/ciruga-reconstructiva\/\">\r\n                            <div class=\"imagencont\">\r\n                                <div class=\"imagen\" style=\"background-image:url('https:\/\/drdiegonavea.com\/wp-content\/uploads\/2025\/10\/inicio-cirugia-reconstructiva.jpg');\"\r\n                                    aria-label=\"\"><\/div>\r\n                            <\/div>\r\n                                                        <h3 class=\"tamano4 color-1-headings-dark\">Cirug\u00eda Reconstructiva<\/h3>\r\n                                                                                <\/a>\r\n                                            <\/div>\r\n            <\/div>\r\n<\/section>\r\n<style>\r\n    .services_curvy1_13_3_2 .col-cta {\r\n        text-align: center;\r\n    }\r\n\r\n    .services_curvy1_13_3_2 .btn-round {\r\n        border-radius: 60px;\r\n        padding: 12px 25px;\r\n        display: inline-block;\r\n        margin-top: 55px;\r\n        min-width: 175px;\r\n        text-align: center;\r\n        transition: all ease .3s;\r\n        text-decoration: none;\r\n        transform: none;\r\n    }\r\n\r\n     .services_curvy1_13_3_2 .servicio-item h3 {\r\n        padding-bottom: 20px;\r\n    }\r\n\r\n    .services_curvy1_13_3_2 .col-servicios {\r\n        display: flex;\r\n        gap: 30px;\r\n        flex-wrap: wrap;\r\n        row-gap: 60px;\r\n        justify-content: center;\r\n    }\r\n\r\n    .services_curvy1_13_3_2 .servicio-item {\r\n        text-decoration: none;\r\n        width: calc(33.33% - 20px);\r\n    }\r\n\r\n    .services_curvy1_13_3_2 .servicio-item .imagencont {\r\n        margin-bottom: 24px;\r\n        overflow: hidden;\r\n        border-radius: 30px;\r\n    }\r\n\r\n     .services_curvy1_13_3_2 .servicio-item:hover .imagen {\r\n        transform: scale(1.1);\r\n    }\r\n\r\n    .services_curvy1_13_3_2 .servicio-item .imagen {\r\n        transform: none;\r\n        transition: all ease .3s;\r\n        aspect-ratio: 586 \/ 373;\r\n        width: 100%;\r\n        height: auto;\r\n        background-position: center;\r\n        background-repeat: no-repeat;\r\n        background-size: cover;\r\n        border-radius: 30px;\r\n    }\r\n\r\n     .services_curvy1_13_3_2 .servicio-item .imagencont .video {\r\n        width: 100%;\r\n        height: 100%;\r\n        overflow: hidden;\r\n        border-radius: 30px;\r\n        position: relative;\r\n        padding-bottom: 64%;\r\n    }\r\n\r\n     .services_curvy1_13_3_2 .servicio-item .imagencont .video iframe {\r\n        width: 100%;\r\n        height: 100%;\r\n        border: none;\r\n        position: absolute;\r\n        top: 0;\r\n        left: 0;\r\n    }\r\n\r\n    .services_curvy1_13_3_2 h2 {\r\n        padding-bottom: 30px;\r\n        max-width: 585px;\r\n        margin: 0 auto;\r\n        text-align: center;\r\n    }\r\n\r\n    .services_curvy1_13_3_2 .texto-top {\r\n        padding-bottom: 60px;\r\n        max-width: 895px;\r\n        margin: 0 auto;\r\n        text-align: center;\r\n    }\r\n\r\n    .services_curvy1_13_3_2 .servicio-item .texto ol,\r\n    .services_curvy1_13_3_2 .servicio-item .texto ul {\r\n        padding-left: 20px;\r\n    }\r\n\r\n    .services_curvy1_13_3_2 {\r\n        padding: 80px 0;\r\n    }\r\n\r\n    @media (max-width:1200px) {\r\n        .services_curvy1_13_3_2 .servicio-item {\r\n            width: calc(50% - 15px);\r\n        }\r\n    }\r\n\r\n    @media (max-width:992px) {\r\n        .services_curvy1_13_3_2 .col-servicios {\r\n            row-gap: 30px;\r\n        }\r\n\r\n        .services_curvy1_13_3_2 h2 {\r\n            padding-bottom: 20px;\r\n        }\r\n\r\n        .services_curvy1_13_3_2 .texto-top {\r\n            padding-bottom: 35px;\r\n        }\r\n\r\n        .services_curvy1_13_3_2 {\r\n            padding: 40px 0;\r\n        }\r\n    }\r\n\r\n    @media (max-width:768px) {\r\n        .services_curvy1_13_3_2 .servicio-item {\r\n            width: 100%;\r\n        }\r\n\r\n        .services_curvy1_13_3_2 .servicio-item .imagencont .video iframe {\r\n            min-height: 310px;\r\n        }\r\n    }\r\n<\/style>\r\n\n\n","protected":false},"excerpt":{"rendered":"","protected":false},"author":1,"featured_media":0,"parent":0,"menu_order":27,"comment_status":"open","ping_status":"closed","template":"","meta":{"_acf_changed":false,"iawp_total_views":1,"footnotes":""},"class_list":["post-350","page","type-page","status-publish","hentry"],"acf":[],"yoast_head":"<!-- This site is optimized with the Yoast SEO plugin v27.4 - https:\/\/yoast.com\/product\/yoast-seo-wordpress\/ -->\n<title>Home - DiegoNavea<\/title>\n<meta name=\"robots\" content=\"index, follow, max-snippet:-1, max-image-preview:large, max-video-preview:-1\" \/>\n<link rel=\"canonical\" href=\"https:\/\/drdiegonavea.com\/en\/\" \/>\n<meta property=\"og:locale\" content=\"en_US\" \/>\n<meta property=\"og:type\" content=\"article\" \/>\n<meta property=\"og:title\" content=\"Home - DiegoNavea\" \/>\n<meta property=\"og:url\" content=\"https:\/\/drdiegonavea.com\/en\/\" \/>\n<meta property=\"og:site_name\" content=\"DiegoNavea\" \/>\n<meta property=\"article:modified_time\" content=\"2025-11-11T10:11:54+00:00\" \/>\n<meta name=\"twitter:card\" content=\"summary_large_image\" \/>\n<!-- \/ Yoast SEO plugin. -->","yoast_head_json":{"title":"Home - DiegoNavea","robots":{"index":"index","follow":"follow","max-snippet":"max-snippet:-1","max-image-preview":"max-image-preview:large","max-video-preview":"max-video-preview:-1"},"canonical":"https:\/\/drdiegonavea.com\/en\/","og_locale":"en_US","og_type":"article","og_title":"Home - DiegoNavea","og_url":"https:\/\/drdiegonavea.com\/en\/","og_site_name":"DiegoNavea","article_modified_time":"2025-11-11T10:11:54+00:00","twitter_card":"summary_large_image","schema":{"@context":"https:\/\/schema.org","@graph":[{"@type":"WebPage","@id":"https:\/\/drdiegonavea.com\/en\/","url":"https:\/\/drdiegonavea.com\/en\/","name":"Home - DiegoNavea","isPartOf":{"@id":"https:\/\/drdiegonavea.com\/en\/#website"},"datePublished":"2024-12-29T22:07:43+00:00","dateModified":"2025-11-11T10:11:54+00:00","breadcrumb":{"@id":"https:\/\/drdiegonavea.com\/en\/#breadcrumb"},"inLanguage":"en-US","potentialAction":[{"@type":"ReadAction","target":["https:\/\/drdiegonavea.com\/en\/"]}]},{"@type":"BreadcrumbList","@id":"https:\/\/drdiegonavea.com\/en\/#breadcrumb","itemListElement":[{"@type":"ListItem","position":1,"name":"Portada","item":"https:\/\/drdiegonavea.com\/en\/"},{"@type":"ListItem","position":2,"name":"Home"}]},{"@type":"WebSite","@id":"https:\/\/drdiegonavea.com\/en\/#website","url":"https:\/\/drdiegonavea.com\/en\/","name":"DiegoNavea","description":"","potentialAction":[{"@type":"SearchAction","target":{"@type":"EntryPoint","urlTemplate":"https:\/\/drdiegonavea.com\/en\/?s={search_term_string}"},"query-input":{"@type":"PropertyValueSpecification","valueRequired":true,"valueName":"search_term_string"}}],"inLanguage":"en-US"}]}},"_links":{"self":[{"href":"https:\/\/drdiegonavea.com\/en\/wp-json\/wp\/v2\/pages\/350","targetHints":{"allow":["GET"]}}],"collection":[{"href":"https:\/\/drdiegonavea.com\/en\/wp-json\/wp\/v2\/pages"}],"about":[{"href":"https:\/\/drdiegonavea.com\/en\/wp-json\/wp\/v2\/types\/page"}],"author":[{"embeddable":true,"href":"https:\/\/drdiegonavea.com\/en\/wp-json\/wp\/v2\/users\/1"}],"replies":[{"embeddable":true,"href":"https:\/\/drdiegonavea.com\/en\/wp-json\/wp\/v2\/comments?post=350"}],"version-history":[{"count":7,"href":"https:\/\/drdiegonavea.com\/en\/wp-json\/wp\/v2\/pages\/350\/revisions"}],"predecessor-version":[{"id":959,"href":"https:\/\/drdiegonavea.com\/en\/wp-json\/wp\/v2\/pages\/350\/revisions\/959"}],"wp:attachment":[{"href":"https:\/\/drdiegonavea.com\/en\/wp-json\/wp\/v2\/media?parent=350"}],"curies":[{"name":"wp","href":"https:\/\/api.w.org\/{rel}","templated":true}]}}