{"id":909,"date":"2025-10-21T11:57:08","date_gmt":"2025-10-21T11:57:08","guid":{"rendered":"https:\/\/drdiegonavea.com\/ninfoplastia-y-clitoropexia\/"},"modified":"2025-10-21T11:57:08","modified_gmt":"2025-10-21T11:57:08","slug":"ninfoplastia-y-clitoropexia","status":"publish","type":"page","link":"https:\/\/drdiegonavea.com\/en\/ninfoplastia-y-clitoropexia\/","title":{"rendered":"Ninfoplastia y Clitoropexia"},"content":{"rendered":"<section class=\"header_15_1\" id=\"\" style=\"background-image:url('https:\/\/drdiegonavea.com\/wp-content\/uploads\/2025\/10\/Captura-de-pantalla-2025-10-21-135533.png');\"\r\n    aria-label=\"\" data-block-id=\"69e255ba4a2dd69e255ba4a2de\" data-block-name=\"acf\/header-15-1\" data-post-id=\"909\" data-stable-id=\"block_3228e0364fe0e1a406f5398a49b547ac\">\r\n    <div class=\"mask\"><\/div>\r\n    <div class=\"container\" data-aos=\"fade-up\">\r\n        <div class=\"row\">\r\n            <div class=\"col \">\r\n                                <h1 class=\"tamano2 color-2-headings-light\">Ninfoplastia y Clitoropexia<\/h1>\r\n                                            <\/div>\r\n        <\/div>\r\n    <\/div>\r\n<\/section>\r\n<style>\r\n    .header_15_1 .col {\r\n        max-width: 895px;\r\n    }\r\n\r\n    .header_15_1 .mask {\r\n        \/* background: rgba(255, 255, 255, 0.50); *\/\r\n        background: rgba(18, 18, 18, 0.50);\r\n        position: absolute;\r\n        top: 0;\r\n        left: 0;\r\n        width: 100%;\r\n        height: 100%;\r\n    }\r\n\r\n    .header_15_1 h1 {\r\n        padding-bottom: 25px;\r\n    }\r\n\r\n    .header_15_1 {\r\n        position: relative;\r\n        min-height: 500px;\r\n        background-position: center;\r\n        background-repeat: no-repeat;\r\n        background-size: cover;\r\n        padding: 150px 0;\r\n        display: flex;\r\n        align-items: center;\r\n        padding-top: 195px\r\n    }\r\n\r\n    .header_15_1-center {\r\n        text-align: center;\r\n        margin: 0 auto;\r\n    }\r\n\r\n    @media (max-width:992px) {\r\n        .header_15_1 {\r\n            padding: 100px 0;\r\n            min-height: auto;\r\n        }\r\n    }\r\n\r\n    @media (max-width:768px) {\r\n        .header_15_1 h1 {\r\n            line-height: var(--tamano3-line-height);\r\n        }\r\n    }\r\n<\/style>\r\n\n\n<section class=\"about_curvy1_19_1 background-1-light izquierda\" id=\"\"\r\n    original-block-id=\"block_2c60e61d26707219fd061f254ebc03c5\" data-block-id=\"69e255ba4c6ba69e255ba4c6bb\" data-block-name=\"acf\/about-curvy1-19-1\" data-post-id=\"909\" data-stable-id=\"block_2c60e61d26707219fd061f254ebc03c5\">\r\n    <div class=\"container\">\r\n        <div class=\"row\">\r\n            <div class=\"col\">\r\n                <div class=\"imagen\">\r\n                    <img decoding=\"async\" src=\"https:\/\/drdiegonavea.com\/wp-content\/uploads\/2025\/10\/genital-banner-o-stock.jpg\" alt=\"\" title=\"genital-banner-o-stock\">\r\n                <\/div>\r\n                <div class=\"right\">\r\n                    \r\n                    \r\n                                        <div class=\"texto color-1-body-dark tamano7\" data-desactivar-leer-mas=\"0\">\r\n                        <span class=\"texto-corto\"><\/span>\r\n                        <span class=\"texto-completo\" style=\"display: none;\"><p>La Ninfoplastia o Labioplastia consiste en la extirpaci\u00f3n del exceso de piel de los labios menores.<\/p>\n<p>El tama\u00f1o de los labios menores en la vulva es muy variable. Cuando tienen un tama\u00f1o que sobrepasa los labios mayores, puede provocar molestias est\u00e9ticas pero tambi\u00e9n funcionales (roce, tirones con la ropa, escozor). El exceso de piel de los labios menores puede estar asociado a un exceso de piel del capuch\u00f3n del cl\u00edtoris, por lo que tras valoraci\u00f3n en consulta se puede aconsejar una cirug\u00eda combinada, realizando tambi\u00e9n resecci\u00f3n del exceso de piel del capuch\u00f3n y Clitoropexia (anclaje del cuerpo del cl\u00edtoris) para que tanto los labios menores como el cl\u00edtoris y su capuch\u00f3n queden ocultos por los labios mayores, mejorando el aspecto funcional y est\u00e9tico.<\/p><\/span>\r\n                    <\/div>\r\n                    <div class=\"vermas tamano7 boton-4-texto-normal\">\r\n                        <span class=\"mas tamano7 boton-4-texto-normal\">Read more<\/span>\r\n                        <span class=\"menos hide tamano7 boton-4-texto-normal\">Read less<\/span>\r\n                        <svg width=\"13\" height=\"13\" viewBox=\"0 0 13 8\" fill=\"none\"\r\n                            xmlns=\"http:\/\/www.w3.org\/2000\/svg\">\r\n                            <path id=\"Vector 14\" d=\"M1 1L6.5 6.5L12 1\" stroke=\"#2B275C\" stroke-width=\"1.5\" \/>\r\n                        <\/svg>\r\n                    <\/div>\r\n                    \r\n                                    <\/div>\r\n            <\/div>\r\n        <\/div>\r\n    <\/div>\r\n<\/section>\r\n<style>\r\n    .about_curvy1_19_1 .subtitulo {\r\n        padding-bottom: 20px;\r\n    }\r\n\r\n    .about_curvy1_19_1 .vermas svg path {\r\n        stroke: var(--boton-4-texto-normal);\r\n    }\r\n\r\n    .about_curvy1_19_1 .vermas .hide {\r\n        display: none;\r\n    }\r\n\r\n    .about_curvy1_19_1 .vermas.show svg {\r\n        transform: rotate(180deg);\r\n    }\r\n\r\n    .about_curvy1_19_1 .vermas {\r\n        margin-left: 100px;\r\n        margin-top: 20px;\r\n        display: none;\r\n        align-items: center;\r\n        gap: 10px;\r\n        cursor: pointer;\r\n    }\r\n\r\n    .about_curvy1_19_1 .vermas span {\r\n        font-weight: var(--tamano5-font-weight);\r\n    }\r\n\r\n    .about_curvy1_19_1 .right .btn-round {\r\n        margin-left: 100px;\r\n        margin-top: 50px;\r\n    }\r\n\r\n    .about_curvy1_19_1.derecha .right .texto {\r\n        padding-left: 0;\r\n        padding-right: 100px;\r\n    }\r\n\r\n    .about_curvy1_19_1 .right .texto {\r\n        padding-left: 100px\r\n    }\r\n\r\n    .about_curvy1_19_1 .imagen {\r\n        width: 50%;\r\n    }\r\n\r\n    .about_curvy1_19_1 .right {\r\n        width: 50%;\r\n        margin-left: 50px;\r\n    }\r\n\r\n    .about_curvy1_19_1 .right h2 {\r\n        padding-bottom: 45px;\r\n    }\r\n\r\n    .about_curvy1_19_1.derecha .col {\r\n        flex-direction: row-reverse;\r\n    }\r\n\r\n    .about_curvy1_19_1 .col {\r\n        display: flex;\r\n        gap: 30px;\r\n        align-items: center;\r\n    }\r\n\r\n    .about_curvy1_19_1 .btn-round {\r\n        border-radius: 60px;\r\n        padding: 12px 25px;\r\n        display: inline-block;\r\n        min-width: 175px;\r\n        text-align: center;\r\n        text-decoration: none;\r\n    }\r\n\r\n\r\n    .about_curvy1_19_1 .right .texto *:last-child {\r\n        padding-bottom: 0;\r\n    }\r\n\r\n    .about_curvy1_19_1 .right .texto .texto-corto {\r\n        padding-bottom: 0 !important;\r\n    }\r\n\r\n    .about_curvy1_19_1 .right .texto * {\r\n        padding-bottom: 20px;\r\n        font-size: inherit;\r\n        font-weight: inherit;\r\n        line-height: inherit;\r\n        letter-spacing: inherit;\r\n        font-family: inherit;\r\n    }\r\n\r\n\r\n     .about_curvy1_19_1 img {\r\n        border-radius: 30px;\r\n    }\r\n\r\n     .about_curvy1_19_1 {\r\n        padding: 81px 0;\r\n        margin-top: -1px;\r\n    }\r\n\r\n    @media (max-width:1300px) {\r\n        .about_curvy1_19_1 .col {\r\n            gap: 30px;\r\n        }\r\n\r\n        .about_curvy1_19_1 .right {\r\n            padding-top: 0;\r\n        }\r\n    }\r\n\r\n    @media (max-width:1200px) {\r\n        .about_curvy1_19_1.derecha .col {\r\n            flex-direction: column;\r\n        }\r\n\r\n        .about_curvy1_19_1 .imagen {\r\n            width: 100%;\r\n        }\r\n\r\n        .about_curvy1_19_1 .col {\r\n            flex-direction: column;\r\n        }\r\n\r\n        .about_curvy1_19_1 .right {\r\n            max-width: 100%;\r\n            width: 100%;\r\n            margin: 0;\r\n        }\r\n\r\n        .about_curvy1_19_1 .subtitulo {\r\n            padding-bottom: 15px;\r\n        }\r\n\r\n        .about_curvy1_19_1 .right h2 {\r\n            padding-bottom: 15px;\r\n        }\r\n\r\n        .about_curvy1_19_1 .right .texto {\r\n            padding-left: 60px;\r\n        }\r\n\r\n        .about_curvy1_19_1.derecha .right .texto {\r\n            padding-right: 0;\r\n            padding-left: 60px;\r\n        }\r\n\r\n        .about_curvy1_19_1 .right .btn-round,\r\n        .about_curvy1_19_1 .vermas {\r\n            margin-left: 60px;\r\n        }\r\n    }\r\n\r\n    @media (max-width:992px) {\r\n        .about_curvy1_19_1 {\r\n            padding: 40px 0;\r\n        }\r\n    }\r\n\r\n    @media (max-width:768px) {\r\n        .about_curvy1_19_1 h2 {\r\n            line-height: var(--tamano5-line-height);\r\n        }\r\n\r\n        .about_curvy1_19_1 .right h2 {\r\n            padding-bottom: 20px;\r\n        }\r\n\r\n        .about_curvy1_19_1 .col {\r\n            gap: 20px;\r\n        }\r\n\r\n        .about_curvy1_19_1 .vermas {\r\n            margin-top: 20px !important;\r\n        }\r\n\r\n        .about_curvy1_19_1 .right .texto.show {\r\n            padding-bottom: 20px;\r\n        }\r\n\r\n        .about_curvy1_19_1 .right .btn-round {\r\n            margin-top: 20px;\r\n        }\r\n    }\r\n<\/style>\r\n<script>\r\n    jQuery(document).ready(function($) {\r\n        const $instance = $('.about_curvy1_19_1[original-block-id=\"block_2c60e61d26707219fd061f254ebc03c5\"]');\r\n\r\n        if (!$instance.length) return;\r\n\r\n        const CONFIG_AC191 = {\r\n            limites: {\r\n                mobile: 200,\r\n                desktop: 600\r\n            },\r\n            breakpoint: 992\r\n        };\r\n\r\n        function truncarTextoEnUltimaPalabraAC191(texto, limite) {\r\n            if (texto.length <= limite) return texto;\r\n            const cortado = texto.substring(0, limite);\r\n            const ultimoEspacio = cortado.lastIndexOf(' ');\r\n            return (ultimoEspacio > limite * 0.8 ? cortado.substring(0, ultimoEspacio) : cortado) + '...';\r\n        }\r\n\r\n        function truncarHTMLAC191(html, limite) {\r\n            const $temp = $('<div>').html(html);\r\n            let chars = 0,\r\n                resultado = '';\r\n\r\n            function procesarNodoAC191(nodo) {\r\n                if (chars >= limite) return false;\r\n\r\n                if (nodo.nodeType === 3) {\r\n                    const texto = nodo.textContent || '';\r\n                    if (chars + texto.length <= limite) {\r\n                        resultado += texto;\r\n                        chars += texto.length;\r\n                    } else {\r\n                        resultado += truncarTextoEnUltimaPalabraAC191(texto, limite - chars);\r\n                        chars = limite;\r\n                        return false;\r\n                    }\r\n                } else if (nodo.nodeType === 1) {\r\n                    const $elem = $(nodo);\r\n                    const tag = nodo.tagName.toLowerCase();\r\n                    const textoElem = $elem.text();\r\n\r\n                    if (chars + textoElem.length <= limite) {\r\n                        resultado += $('<div>').append($elem.clone()).html();\r\n                        chars += textoElem.length;\r\n                    } else {\r\n                        const attrs = Array.from(nodo.attributes).map(a =>\r\n                            a.name + '=\"' + (a.value || '').replace(\/\"\/g, '&quot;') + '\"'\r\n                        ).join(' ');\r\n                        resultado += '<' + tag + (attrs ? ' ' + attrs : '') + '>';\r\n\r\n                        $elem.contents().each(function() {\r\n                            return procesarNodoAC191(this);\r\n                        });\r\n\r\n                        resultado += '<\/' + tag + '>';\r\n                        return false;\r\n                    }\r\n                }\r\n                return true;\r\n            }\r\n\r\n            $temp.contents().each(function() {\r\n                return procesarNodoAC191(this);\r\n            });\r\n\r\n            return resultado || truncarTextoEnUltimaPalabraAC191($temp.text(), limite);\r\n        }\r\n\r\n        function aplicarTruncadoAC191() {\r\n            $instance.find('.texto-completo').each(function() {\r\n                const $completo = $(this);\r\n                if ($completo.is(':visible')) return;\r\n\r\n                const $texto = $completo.closest('.texto');\r\n                const $corto = $completo.siblings('.texto-corto');\r\n                const $vermas = $texto.siblings('.vermas');\r\n\r\n                if (!$corto.length) return;\r\n\r\n                const html = $completo.html() || '';\r\n                const textoPlano = $completo.text() || '';\r\n                const esMobile = $(window).width() <= CONFIG_AC191.breakpoint;\r\n                const limite = esMobile ? CONFIG_AC191.limites.mobile : CONFIG_AC191.limites.desktop;\r\n                const desactivado = $texto.attr('data-desactivar-leer-mas') === '1';\r\n\r\n                if (desactivado) {\r\n                    if (!esMobile) {\r\n                        $corto.html(html).show();\r\n                        $vermas.hide();\r\n                        return;\r\n                    }\r\n                }\r\n\r\n                if (textoPlano.length > limite) {\r\n                    $corto.html(truncarHTMLAC191(html, limite)).show();\r\n                    $vermas.css('display', 'flex');\r\n                } else {\r\n                    $corto.html(html).show();\r\n                    $vermas.hide();\r\n                }\r\n            });\r\n        }\r\n\r\n        aplicarTruncadoAC191();\r\n        $(window).on('resize', aplicarTruncadoAC191);\r\n\r\n        $instance.on('click', '.vermas', function() {\r\n            const $btn = $(this);\r\n            const $texto = $btn.siblings('.texto');\r\n            const $corto = $texto.find('.texto-corto');\r\n            const $completo = $texto.find('.texto-completo');\r\n\r\n            if ($corto.is(':visible')) {\r\n                $corto.hide();\r\n                $completo.show();\r\n                $btn.addClass('show');\r\n            } else {\r\n                $completo.hide();\r\n                aplicarTruncadoAC191();\r\n                $btn.removeClass('show');\r\n            }\r\n\r\n            $btn.find('span').toggleClass('hide');\r\n        });\r\n    });\r\n<\/script>\r\n\n\n\n<div class=\"wp-block-columns is-layout-flex wp-container-core-columns-is-layout-9d6595d7 wp-block-columns-is-layout-flex\">\n<div class=\"wp-block-column is-layout-flow wp-block-column-is-layout-flow\" style=\"flex-basis:100%\">\n<figure class=\"wp-block-image aligncenter\"><img decoding=\"async\" src=\"http:\/\/diegonavea.com\/wp-content\/uploads\/2020\/09\/genital-diagrama.jpg\" alt=\"Ninfoplastia y Clitoropexia\" class=\"wp-image-3780\" title=\"genital diagrama\" \/><\/figure>\n<\/div>\n<\/div>\n","protected":false},"excerpt":{"rendered":"","protected":false},"author":1,"featured_media":856,"parent":0,"menu_order":7,"comment_status":"closed","ping_status":"closed","template":"","meta":{"_acf_changed":false,"iawp_total_views":0,"footnotes":""},"class_list":["post-909","page","type-page","status-publish","has-post-thumbnail","hentry"],"acf":[],"yoast_head":"<!-- This site is optimized with the Yoast SEO plugin v27.4 - https:\/\/yoast.com\/product\/yoast-seo-wordpress\/ -->\n<title>Ninfoplastia y Clitoropexia - DiegoNavea<\/title>\n<meta name=\"robots\" content=\"index, follow, max-snippet:-1, max-image-preview:large, max-video-preview:-1\" \/>\n<link rel=\"canonical\" href=\"https:\/\/drdiegonavea.com\/en\/ninfoplastia-y-clitoropexia\/\" \/>\n<meta property=\"og:locale\" content=\"en_US\" \/>\n<meta property=\"og:type\" content=\"article\" \/>\n<meta property=\"og:title\" content=\"Ninfoplastia y Clitoropexia - DiegoNavea\" \/>\n<meta property=\"og:url\" content=\"https:\/\/drdiegonavea.com\/en\/ninfoplastia-y-clitoropexia\/\" \/>\n<meta property=\"og:site_name\" content=\"DiegoNavea\" \/>\n<meta property=\"og:image\" content=\"http:\/\/diegonavea.com\/wp-content\/uploads\/2020\/09\/genital-diagrama.jpg\" \/>\n<meta name=\"twitter:card\" content=\"summary_large_image\" \/>\n<!-- \/ Yoast SEO plugin. -->","yoast_head_json":{"title":"Ninfoplastia y Clitoropexia - DiegoNavea","robots":{"index":"index","follow":"follow","max-snippet":"max-snippet:-1","max-image-preview":"max-image-preview:large","max-video-preview":"max-video-preview:-1"},"canonical":"https:\/\/drdiegonavea.com\/en\/ninfoplastia-y-clitoropexia\/","og_locale":"en_US","og_type":"article","og_title":"Ninfoplastia y Clitoropexia - DiegoNavea","og_url":"https:\/\/drdiegonavea.com\/en\/ninfoplastia-y-clitoropexia\/","og_site_name":"DiegoNavea","og_image":[{"url":"http:\/\/diegonavea.com\/wp-content\/uploads\/2020\/09\/genital-diagrama.jpg","type":"","width":"","height":""}],"twitter_card":"summary_large_image","schema":{"@context":"https:\/\/schema.org","@graph":[{"@type":"WebPage","@id":"https:\/\/drdiegonavea.com\/en\/ninfoplastia-y-clitoropexia\/","url":"https:\/\/drdiegonavea.com\/en\/ninfoplastia-y-clitoropexia\/","name":"Ninfoplastia y Clitoropexia - DiegoNavea","isPartOf":{"@id":"https:\/\/drdiegonavea.com\/en\/#website"},"primaryImageOfPage":{"@id":"https:\/\/drdiegonavea.com\/en\/ninfoplastia-y-clitoropexia\/#primaryimage"},"image":{"@id":"https:\/\/drdiegonavea.com\/en\/ninfoplastia-y-clitoropexia\/#primaryimage"},"thumbnailUrl":"https:\/\/drdiegonavea.com\/wp-content\/uploads\/2025\/10\/cirugia-genital01-Ninfoplastia-y-Clitoropexia.jpg","datePublished":"2025-10-21T11:57:08+00:00","breadcrumb":{"@id":"https:\/\/drdiegonavea.com\/en\/ninfoplastia-y-clitoropexia\/#breadcrumb"},"inLanguage":"en-US","potentialAction":[{"@type":"ReadAction","target":["https:\/\/drdiegonavea.com\/en\/ninfoplastia-y-clitoropexia\/"]}]},{"@type":"ImageObject","inLanguage":"en-US","@id":"https:\/\/drdiegonavea.com\/en\/ninfoplastia-y-clitoropexia\/#primaryimage","url":"https:\/\/drdiegonavea.com\/wp-content\/uploads\/2025\/10\/cirugia-genital01-Ninfoplastia-y-Clitoropexia.jpg","contentUrl":"https:\/\/drdiegonavea.com\/wp-content\/uploads\/2025\/10\/cirugia-genital01-Ninfoplastia-y-Clitoropexia.jpg","width":800,"height":800},{"@type":"BreadcrumbList","@id":"https:\/\/drdiegonavea.com\/en\/ninfoplastia-y-clitoropexia\/#breadcrumb","itemListElement":[{"@type":"ListItem","position":1,"name":"Portada","item":"https:\/\/drdiegonavea.com\/en\/"},{"@type":"ListItem","position":2,"name":"Ninfoplastia y Clitoropexia"}]},{"@type":"WebSite","@id":"https:\/\/drdiegonavea.com\/en\/#website","url":"https:\/\/drdiegonavea.com\/en\/","name":"DiegoNavea","description":"","potentialAction":[{"@type":"SearchAction","target":{"@type":"EntryPoint","urlTemplate":"https:\/\/drdiegonavea.com\/en\/?s={search_term_string}"},"query-input":{"@type":"PropertyValueSpecification","valueRequired":true,"valueName":"search_term_string"}}],"inLanguage":"en-US"}]}},"_links":{"self":[{"href":"https:\/\/drdiegonavea.com\/en\/wp-json\/wp\/v2\/pages\/909","targetHints":{"allow":["GET"]}}],"collection":[{"href":"https:\/\/drdiegonavea.com\/en\/wp-json\/wp\/v2\/pages"}],"about":[{"href":"https:\/\/drdiegonavea.com\/en\/wp-json\/wp\/v2\/types\/page"}],"author":[{"embeddable":true,"href":"https:\/\/drdiegonavea.com\/en\/wp-json\/wp\/v2\/users\/1"}],"replies":[{"embeddable":true,"href":"https:\/\/drdiegonavea.com\/en\/wp-json\/wp\/v2\/comments?post=909"}],"version-history":[{"count":0,"href":"https:\/\/drdiegonavea.com\/en\/wp-json\/wp\/v2\/pages\/909\/revisions"}],"wp:featuredmedia":[{"embeddable":true,"href":"https:\/\/drdiegonavea.com\/en\/wp-json\/wp\/v2\/media\/856"}],"wp:attachment":[{"href":"https:\/\/drdiegonavea.com\/en\/wp-json\/wp\/v2\/media?parent=909"}],"curies":[{"name":"wp","href":"https:\/\/api.w.org\/{rel}","templated":true}]}}